{"id":113,"date":"2024-02-11T21:12:34","date_gmt":"2024-02-11T21:12:34","guid":{"rendered":"https:\/\/jasahkosystems.fi\/?page_id=113"},"modified":"2024-02-19T23:39:13","modified_gmt":"2024-02-19T21:39:13","slug":"etusivu","status":"publish","type":"page","link":"https:\/\/jasahkosystems.fi\/?page_id=113","title":{"rendered":"Palvelumme"},"content":{"rendered":"\n<div class=\"wp-block-columns is-layout-flex wp-container-core-columns-is-layout-9d6595d7 wp-block-columns-is-layout-flex\">\n<div class=\"wp-block-column is-layout-flow wp-block-column-is-layout-flow\">\n<ul class=\"wp-block-list\">\n<li>S\u00e4hk\u00f6suunnitelmat\n<ul class=\"wp-block-list\">\n<li>Omakotitaloihin<\/li>\n\n\n\n<li>Kes\u00e4asuntoihin<\/li>\n<\/ul>\n<\/li>\n\n\n\n<li>S\u00e4hk\u00f6asennukset\n<ul class=\"wp-block-list\">\n<li>Omakotitaloihin<\/li>\n\n\n\n<li>Kes\u00e4asuntoihin<\/li>\n<\/ul>\n<\/li>\n\n\n\n<li>Aurinkos\u00e4hk\u00f6j\u00e4rjestelmien suunnittelu ja asennus<\/li>\n\n\n\n<li>S\u00e4hk\u00f6autojen latausasemien asennukset<\/li>\n\n\n\n<li>Valaistussaneeraukset\n<ul class=\"wp-block-list\">\n<li>Teollisuushalleihin<\/li>\n\n\n\n<li>Ratsastusmaneeseihin<\/li>\n\n\n\n<li>Liikekiinteist\u00f6ihin<\/li>\n<\/ul>\n<\/li>\n\n\n\n<li>Automatisointiratkaisut\n<ul class=\"wp-block-list\">\n<li>Maatalouteen<\/li>\n\n\n\n<li>Kiinteist\u00f6ihin<\/li>\n<\/ul>\n<\/li>\n\n\n\n<li>Ratsastuskenttien kasteluj\u00e4rjestelm\u00e4t<\/li>\n<\/ul>\n<\/div>\n\n\n\n<div class=\"wp-block-column is-vertically-aligned-top is-layout-flow wp-block-column-is-layout-flow\">\n<figure class=\"wp-block-image size-large is-resized\"><img loading=\"lazy\" decoding=\"async\" width=\"768\" height=\"1024\" src=\"https:\/\/jasahkosystems.fi\/wp-content\/uploads\/2024\/02\/20230519_182300-2-768x1024.jpg\" alt=\"\" class=\"wp-image-339\" style=\"width:492px;height:auto\" srcset=\"https:\/\/jasahkosystems.fi\/wp-content\/uploads\/2024\/02\/20230519_182300-2-768x1024.jpg 768w, https:\/\/jasahkosystems.fi\/wp-content\/uploads\/2024\/02\/20230519_182300-2-225x300.jpg 225w, https:\/\/jasahkosystems.fi\/wp-content\/uploads\/2024\/02\/20230519_182300-2-1152x1536.jpg 1152w, https:\/\/jasahkosystems.fi\/wp-content\/uploads\/2024\/02\/20230519_182300-2-1536x2048.jpg 1536w, https:\/\/jasahkosystems.fi\/wp-content\/uploads\/2024\/02\/20230519_182300-2-scaled.jpg 1920w\" sizes=\"auto, (max-width: 768px) 100vw, 768px\" \/><\/figure>\n<\/div>\n<\/div>\n\n\n\n<p>Kaikki asennuksemme sis\u00e4lt\u00e4v\u00e4t lakis\u00e4\u00e4teiset mittaukset ja mittausp\u00f6yt\u00e4kirjat<\/p>\n\n\n\n<p><\/p>\n","protected":false},"excerpt":{"rendered":"<p>Kaikki asennuksemme sis\u00e4lt\u00e4v\u00e4t lakis\u00e4\u00e4teiset mittaukset ja mittausp\u00f6yt\u00e4kirjat<\/p>\n","protected":false},"author":1,"featured_media":0,"parent":0,"menu_order":0,"comment_status":"closed","ping_status":"closed","template":"","meta":{"om_disable_all_campaigns":false,"_monsterinsights_skip_tracking":false,"_monsterinsights_sitenote_active":false,"_monsterinsights_sitenote_note":"","_monsterinsights_sitenote_category":0,"footnotes":""},"class_list":["post-113","page","type-page","status-publish"],"aioseo_notices":[],"_links":{"self":[{"href":"https:\/\/jasahkosystems.fi\/index.php?rest_route=\/wp\/v2\/pages\/113","targetHints":{"allow":["GET"]}}],"collection":[{"href":"https:\/\/jasahkosystems.fi\/index.php?rest_route=\/wp\/v2\/pages"}],"about":[{"href":"https:\/\/jasahkosystems.fi\/index.php?rest_route=\/wp\/v2\/types\/page"}],"author":[{"embeddable":true,"href":"https:\/\/jasahkosystems.fi\/index.php?rest_route=\/wp\/v2\/users\/1"}],"replies":[{"embeddable":true,"href":"https:\/\/jasahkosystems.fi\/index.php?rest_route=%2Fwp%2Fv2%2Fcomments&post=113"}],"version-history":[{"count":13,"href":"https:\/\/jasahkosystems.fi\/index.php?rest_route=\/wp\/v2\/pages\/113\/revisions"}],"predecessor-version":[{"id":344,"href":"https:\/\/jasahkosystems.fi\/index.php?rest_route=\/wp\/v2\/pages\/113\/revisions\/344"}],"wp:attachment":[{"href":"https:\/\/jasahkosystems.fi\/index.php?rest_route=%2Fwp%2Fv2%2Fmedia&parent=113"}],"curies":[{"name":"wp","href":"https:\/\/api.w.org\/{rel}","templated":true}]}}