{"id":131,"date":"2024-02-12T18:38:27","date_gmt":"2024-02-12T18:38:27","guid":{"rendered":"https:\/\/jasahkosystems.fi\/?page_id=131"},"modified":"2024-02-20T20:27:53","modified_gmt":"2024-02-20T18:27:53","slug":"palvelumme","status":"publish","type":"page","link":"https:\/\/jasahkosystems.fi\/","title":{"rendered":"Yritys"},"content":{"rendered":"\n<div class=\"wp-block-columns is-layout-flex wp-container-core-columns-is-layout-9d6595d7 wp-block-columns-is-layout-flex\">\n<div class=\"wp-block-column is-layout-flow wp-block-column-is-layout-flow\">\n<p>JA S\u00e4hk\u00f6 Systems on perustettu vuonna 2019 s\u00e4hk\u00f6suunnitteluun ja s\u00e4hk\u00f6asennuksiin keskittynyt <a href=\"https:\/\/www.seti.fi\/sahkopatevyydet\/sahkopatevyys-2\" target=\"_blank\" rel=\"noopener\" title=\"S2-p\u00e4tevydet\">S2-p\u00e4tevyydet<\/a> omaavan yritys.&nbsp;Kotipaikkamme on Lappeenranta ja toimimme p\u00e4\u00e4asiassa Etel\u00e4-Karjalan alueella. Sopimuksesta meid\u00e4t saattaa l\u00f6yt\u00e4\u00e4 my\u00f6s kauempaakin.<\/p>\n\n\n\n<p>Ty\u00f6nkuvaan kuuluu asennukset pistorasiasta aurinkopaneeleihin ja kytkimist\u00e4 keskuksiin. Kaikista asennuksistamme suoritamme my\u00f6s lakis\u00e4\u00e4teiset k\u00e4ytt\u00f6\u00f6nottomittaukset ja mittauksista saatte my\u00f6s p\u00f6yt\u00e4kirjan. <\/p>\n\n\n\n<p>My\u00f6s automaatioj\u00e4rjestelmien asennukset onnistuu niin Siemensin logiikoilla kuin Shellyill\u00e4kin. <\/p>\n\n\n\n<p>Asiakaskuntaamme kuuluu niin yksityishenkil\u00f6it\u00e4 kuin ratsastuskeskuksiakin.<\/p>\n<\/div>\n\n\n\n<div class=\"wp-block-column is-vertically-aligned-top is-layout-flow wp-block-column-is-layout-flow\">\n<figure class=\"wp-block-image size-full is-resized\"><img loading=\"lazy\" decoding=\"async\" width=\"783\" height=\"1024\" src=\"https:\/\/jasahkosystems.fi\/wp-content\/uploads\/2024\/02\/image.jpeg\" alt=\"\" class=\"wp-image-328\" style=\"width:496px;height:auto\" srcset=\"https:\/\/jasahkosystems.fi\/wp-content\/uploads\/2024\/02\/image.jpeg 783w, https:\/\/jasahkosystems.fi\/wp-content\/uploads\/2024\/02\/image-229x300.jpeg 229w, https:\/\/jasahkosystems.fi\/wp-content\/uploads\/2024\/02\/image-768x1004.jpeg 768w\" sizes=\"auto, (max-width: 783px) 100vw, 783px\" \/><\/figure>\n<\/div>\n<\/div>\n\n\n\n<p><\/p>\n","protected":false},"excerpt":{"rendered":"<p>JA S\u00e4hk\u00f6 Systems on perustettu vuonna 2019 s\u00e4hk\u00f6suunnitteluun ja s\u00e4hk\u00f6asennuksiin keskittynyt S2-p\u00e4tevyydet omaavan yritys.&nbsp;Kotipaikkamme on Lappeenranta ja toimimme p\u00e4\u00e4asiassa Etel\u00e4-Karjalan alueella. Sopimuksesta meid\u00e4t saattaa l\u00f6yt\u00e4\u00e4 my\u00f6s kauempaakin. Ty\u00f6nkuvaan kuuluu asennukset pistorasiasta aurinkopaneeleihin ja kytkimist\u00e4 keskuksiin. Kaikista asennuksistamme suoritamme my\u00f6s lakis\u00e4\u00e4teiset k\u00e4ytt\u00f6\u00f6nottomittaukset ja mittauksista saatte my\u00f6s p\u00f6yt\u00e4kirjan. My\u00f6s automaatioj\u00e4rjestelmien asennukset onnistuu niin Siemensin logiikoilla kuin Shellyill\u00e4kin. &#8230; <a title=\"Yritys\" class=\"read-more\" href=\"https:\/\/jasahkosystems.fi\/\" aria-label=\"Lue lis\u00e4\u00e4 aiheesta Yritys\">Lue lis\u00e4\u00e4<\/a><\/p>\n","protected":false},"author":1,"featured_media":0,"parent":0,"menu_order":0,"comment_status":"closed","ping_status":"closed","template":"","meta":{"om_disable_all_campaigns":false,"_monsterinsights_skip_tracking":false,"_monsterinsights_sitenote_active":false,"_monsterinsights_sitenote_note":"","_monsterinsights_sitenote_category":0,"footnotes":""},"class_list":["post-131","page","type-page","status-publish"],"aioseo_notices":[],"_links":{"self":[{"href":"https:\/\/jasahkosystems.fi\/index.php?rest_route=\/wp\/v2\/pages\/131","targetHints":{"allow":["GET"]}}],"collection":[{"href":"https:\/\/jasahkosystems.fi\/index.php?rest_route=\/wp\/v2\/pages"}],"about":[{"href":"https:\/\/jasahkosystems.fi\/index.php?rest_route=\/wp\/v2\/types\/page"}],"author":[{"embeddable":true,"href":"https:\/\/jasahkosystems.fi\/index.php?rest_route=\/wp\/v2\/users\/1"}],"replies":[{"embeddable":true,"href":"https:\/\/jasahkosystems.fi\/index.php?rest_route=%2Fwp%2Fv2%2Fcomments&post=131"}],"version-history":[{"count":24,"href":"https:\/\/jasahkosystems.fi\/index.php?rest_route=\/wp\/v2\/pages\/131\/revisions"}],"predecessor-version":[{"id":350,"href":"https:\/\/jasahkosystems.fi\/index.php?rest_route=\/wp\/v2\/pages\/131\/revisions\/350"}],"wp:attachment":[{"href":"https:\/\/jasahkosystems.fi\/index.php?rest_route=%2Fwp%2Fv2%2Fmedia&parent=131"}],"curies":[{"name":"wp","href":"https:\/\/api.w.org\/{rel}","templated":true}]}}